{"id":4023,"date":"2014-11-14T16:42:10","date_gmt":"2014-11-14T20:42:10","guid":{"rendered":"http:\/\/www.spaovarium.com\/?page_id=4023"},"modified":"2024-02-02T16:59:31","modified_gmt":"2024-02-02T21:59:31","slug":"coordinates","status":"publish","type":"page","link":"https:\/\/velvetseats.com\/en\/contact\/coordinates\/","title":{"rendered":"Coordinates and administration"},"content":{"rendered":"<h3 style=\"text-align: center;\"><span style=\"color: #000000;\"><strong>Spa Ovarium<br \/>\n<\/strong><strong style=\"color: #3366ff;\">400 Beaubien street, east<br \/>\n<\/strong><strong>Montreal, QC<\/strong><\/span><br \/>\n<span style=\"color: #000000;\"> <strong>H2S 1S3<\/strong><\/span><\/h3>\n<ul>\n<li>Reservation and information: 514-271-7515<\/li>\n<li>Toll-free number: 1877-356-8837<\/li>\n<li>Press &#8220;0&#8221; to speak to a receptionist!<\/li>\n<li>Press # to reach the voicemail.<\/li>\n<li>E-mail: info@ovarium.com<\/li>\n<\/ul>\n<p><em><span class=\"s1\">To book or to modify an appointment, please call us.\u00a0<\/span><span class=\"s1\">No appointments are taken by e-mail to maintain a high standard of precision and a better service.\u00a0<\/span><span class=\"s1\">If you find that the waiting time is too long, please press the # key to access directly to our voice mail. Please leave a detailed message and a member of our staff will call you back as soon as possible.\u00a0<\/span><span class=\"s1\">You can also contact us via our online booking form on our website at the following address: <a href=\"https:\/\/www.spaovarium.com\/en\/reservation\/\"><span class=\"s2\">https:\/\/www.spaovarium.com\/en\/reservation\/<\/span><\/a> A member of the office staff will contact you by phone as soon as possible.<\/span><\/em><\/p>\n<p><a class=\"twitter-follow-button\" href=\"https:\/\/twitter.com\/Spa_Ovarium\" data-show-count=\"false\" data-size=\"large\">Follow @Spa_Ovarium<\/a><\/p>\n<p>Sponsorship request:info@ovarium.com<\/p>\n<p><script>\/\/ <![CDATA[ !function(d,s,id){var js,fjs=d.getElementsByTagName(s)[0],p=\/^http:\/.test(d.location)?'http':'https';if(!d.getElementById(id)){js=d.createElement(s);js.id=id;js.src=p+':\/\/platform.twitter.com\/widgets.js';fjs.parentNode.insertBefore(js,fjs);}}(document, 'script', 'twitter-wjs'); \/\/ ]]><\/script><br \/>\n_________________________________________________________________<\/p>\n<p>&nbsp;<\/p>\n<h2><strong>ADMINISTRATION<\/strong><\/h2>\n<p>&nbsp;<\/p>\n<p><strong>Bernard Meloche<br \/>\n<\/strong><strong>Fondateur et p<\/strong><strong>r\u00e9sident directeur g\u00e9n\u00e9ral<br \/>\n<\/strong>514.271.7515 poste 110<\/p>\n<p><strong>J\u00e9r\u00e9mi Poulin<br \/>\nDirecteur des op\u00e9rations<br \/>\n<\/strong><strong>jeremi@ovarium.com<br \/>\n<\/strong>514.271-7515<\/p>\n<p><strong><a href=\"https:\/\/twitter.com\/Vincent_Meloche\">Vincent Meloche<\/a><br \/>\n<\/strong><strong>Gestionnaire Logistique<br \/>\n<\/strong>514.271.7515 poste 121<\/p>\n<p><strong>Antoine Couture<br \/>\n<\/strong><b>Sant\u00e9 s\u00e9curit\u00e9 et Assistant administratif<\/b><br \/>\n<b>antoine@ovarium.com<br \/>\n<\/b>514.271.7515 poste 108<\/p>\n<p>&nbsp;<\/p>\n","protected":false},"excerpt":{"rendered":"<p>Spa Ovarium 400 Beaubien street, east Montreal, QC H2S 1S3 Reservation and information: 514-271-7515 Toll-free number: 1877-356-8837 Press &#8220;0&#8221; to speak to a receptionist! Press # to reach the voicemail. E-mail: info@ovarium.com To book or to modify an appointment, please call us.\u00a0No appointments are taken by e-mail to maintain a high standard of precision and [&hellip;]<\/p>\n","protected":false},"author":1,"featured_media":0,"parent":1079,"menu_order":0,"comment_status":"open","ping_status":"open","template":"template-fullwidth.php","meta":[],"acf":[],"yoast_head":"<!-- This site is optimized with the Yoast SEO plugin v19.10 - https:\/\/yoast.com\/wordpress\/plugins\/seo\/ -->\n<title>Coordinates and administration | Spa Ovarium<\/title>\n<meta name=\"description\" content=\"Coordinates how to reach us, administration Bernard Meloche, Vincent Meloche, Antoine Couture, Guy-Louis Roy\" \/>\n<meta name=\"robots\" content=\"noindex, follow, max-snippet:-1, max-image-preview:large, max-video-preview:-1\" \/>\n<meta property=\"og:locale\" content=\"en_US\" \/>\n<meta property=\"og:type\" content=\"article\" \/>\n<meta property=\"og:title\" content=\"Coordinates and administration | Spa Ovarium\" \/>\n<meta property=\"og:description\" content=\"Coordinates how to reach us, administration Bernard Meloche, Vincent Meloche, Antoine Couture, Guy-Louis Roy\" \/>\n<meta property=\"og:url\" content=\"https:\/\/velvetseats.com\/en\/contact\/coordinates\/\" \/>\n<meta property=\"og:site_name\" content=\"Spa Ovarium\" \/>\n<meta property=\"article:publisher\" content=\"https:\/\/www.facebook.com\/SpaOvarium\" \/>\n<meta property=\"article:modified_time\" content=\"2024-02-02T21:59:31+00:00\" \/>\n<meta property=\"og:image\" content=\"https:\/\/www.spaovarium.com\/wp-content\/uploads\/2014\/05\/vignette-facebook-optimise-bain-float-ovarium.png\" \/>\n<meta name=\"twitter:card\" content=\"summary_large_image\" \/>\n<meta name=\"twitter:site\" content=\"@Spa_Ovarium\" \/>\n<meta name=\"twitter:label1\" content=\"Est. reading time\" \/>\n\t<meta name=\"twitter:data1\" content=\"1 minute\" \/>\n<script type=\"application\/ld+json\" class=\"yoast-schema-graph\">{\"@context\":\"https:\/\/schema.org\",\"@graph\":[{\"@type\":\"WebPage\",\"@id\":\"https:\/\/velvetseats.com\/en\/contact\/coordinates\/\",\"url\":\"https:\/\/velvetseats.com\/en\/contact\/coordinates\/\",\"name\":\"Coordinates and administration | Spa Ovarium\",\"isPartOf\":{\"@id\":\"https:\/\/velvetseats.com\/#website\"},\"datePublished\":\"2014-11-14T20:42:10+00:00\",\"dateModified\":\"2024-02-02T21:59:31+00:00\",\"description\":\"Coordinates how to reach us, administration Bernard Meloche, Vincent Meloche, Antoine Couture, Guy-Louis Roy\",\"breadcrumb\":{\"@id\":\"https:\/\/velvetseats.com\/en\/contact\/coordinates\/#breadcrumb\"},\"inLanguage\":\"en-US\",\"potentialAction\":[{\"@type\":\"ReadAction\",\"target\":[\"https:\/\/velvetseats.com\/en\/contact\/coordinates\/\"]}]},{\"@type\":\"BreadcrumbList\",\"@id\":\"https:\/\/velvetseats.com\/en\/contact\/coordinates\/#breadcrumb\",\"itemListElement\":[{\"@type\":\"ListItem\",\"position\":1,\"name\":\"Accueil\",\"item\":\"https:\/\/velvetseats.com\/en\/\"},{\"@type\":\"ListItem\",\"position\":2,\"name\":\"Contact\",\"item\":\"https:\/\/velvetseats.com\/en\/contact\/\"},{\"@type\":\"ListItem\",\"position\":3,\"name\":\"Coordinates and administration\"}]},{\"@type\":\"WebSite\",\"@id\":\"https:\/\/velvetseats.com\/#website\",\"url\":\"https:\/\/velvetseats.com\/\",\"name\":\"Spa Ovarium\",\"description\":\"Float tank and massage therapy in Montreal since 1982\",\"potentialAction\":[{\"@type\":\"SearchAction\",\"target\":{\"@type\":\"EntryPoint\",\"urlTemplate\":\"https:\/\/velvetseats.com\/?s={search_term_string}\"},\"query-input\":\"required name=search_term_string\"}],\"inLanguage\":\"en-US\"}]}<\/script>\n<!-- \/ Yoast SEO plugin. -->","yoast_head_json":{"title":"Coordinates and administration | Spa Ovarium","description":"Coordinates how to reach us, administration Bernard Meloche, Vincent Meloche, Antoine Couture, Guy-Louis Roy","robots":{"index":"noindex","follow":"follow","max-snippet":"max-snippet:-1","max-image-preview":"max-image-preview:large","max-video-preview":"max-video-preview:-1"},"og_locale":"en_US","og_type":"article","og_title":"Coordinates and administration | Spa Ovarium","og_description":"Coordinates how to reach us, administration Bernard Meloche, Vincent Meloche, Antoine Couture, Guy-Louis Roy","og_url":"https:\/\/velvetseats.com\/en\/contact\/coordinates\/","og_site_name":"Spa Ovarium","article_publisher":"https:\/\/www.facebook.com\/SpaOvarium","article_modified_time":"2024-02-02T21:59:31+00:00","og_image":[{"url":"https:\/\/www.spaovarium.com\/wp-content\/uploads\/2014\/05\/vignette-facebook-optimise-bain-float-ovarium.png"}],"twitter_card":"summary_large_image","twitter_site":"@Spa_Ovarium","twitter_misc":{"Est. reading time":"1 minute"},"schema":{"@context":"https:\/\/schema.org","@graph":[{"@type":"WebPage","@id":"https:\/\/velvetseats.com\/en\/contact\/coordinates\/","url":"https:\/\/velvetseats.com\/en\/contact\/coordinates\/","name":"Coordinates and administration | Spa Ovarium","isPartOf":{"@id":"https:\/\/velvetseats.com\/#website"},"datePublished":"2014-11-14T20:42:10+00:00","dateModified":"2024-02-02T21:59:31+00:00","description":"Coordinates how to reach us, administration Bernard Meloche, Vincent Meloche, Antoine Couture, Guy-Louis Roy","breadcrumb":{"@id":"https:\/\/velvetseats.com\/en\/contact\/coordinates\/#breadcrumb"},"inLanguage":"en-US","potentialAction":[{"@type":"ReadAction","target":["https:\/\/velvetseats.com\/en\/contact\/coordinates\/"]}]},{"@type":"BreadcrumbList","@id":"https:\/\/velvetseats.com\/en\/contact\/coordinates\/#breadcrumb","itemListElement":[{"@type":"ListItem","position":1,"name":"Accueil","item":"https:\/\/velvetseats.com\/en\/"},{"@type":"ListItem","position":2,"name":"Contact","item":"https:\/\/velvetseats.com\/en\/contact\/"},{"@type":"ListItem","position":3,"name":"Coordinates and administration"}]},{"@type":"WebSite","@id":"https:\/\/velvetseats.com\/#website","url":"https:\/\/velvetseats.com\/","name":"Spa Ovarium","description":"Float tank and massage therapy in Montreal since 1982","potentialAction":[{"@type":"SearchAction","target":{"@type":"EntryPoint","urlTemplate":"https:\/\/velvetseats.com\/?s={search_term_string}"},"query-input":"required name=search_term_string"}],"inLanguage":"en-US"}]}},"_links":{"self":[{"href":"https:\/\/velvetseats.com\/en\/wp-json\/wp\/v2\/pages\/4023"}],"collection":[{"href":"https:\/\/velvetseats.com\/en\/wp-json\/wp\/v2\/pages"}],"about":[{"href":"https:\/\/velvetseats.com\/en\/wp-json\/wp\/v2\/types\/page"}],"author":[{"embeddable":true,"href":"https:\/\/velvetseats.com\/en\/wp-json\/wp\/v2\/users\/1"}],"replies":[{"embeddable":true,"href":"https:\/\/velvetseats.com\/en\/wp-json\/wp\/v2\/comments?post=4023"}],"version-history":[{"count":2,"href":"https:\/\/velvetseats.com\/en\/wp-json\/wp\/v2\/pages\/4023\/revisions"}],"predecessor-version":[{"id":5083,"href":"https:\/\/velvetseats.com\/en\/wp-json\/wp\/v2\/pages\/4023\/revisions\/5083"}],"up":[{"embeddable":true,"href":"https:\/\/velvetseats.com\/en\/wp-json\/wp\/v2\/pages\/1079"}],"wp:attachment":[{"href":"https:\/\/velvetseats.com\/en\/wp-json\/wp\/v2\/media?parent=4023"}],"curies":[{"name":"wp","href":"https:\/\/api.w.org\/{rel}","templated":true}]}}