{"id":3778,"date":"2014-10-24T14:51:31","date_gmt":"2014-10-24T18:51:31","guid":{"rendered":"http:\/\/www.spaovarium.com\/?page_id=3778"},"modified":"2023-08-10T12:53:29","modified_gmt":"2023-08-10T17:53:29","slug":"partners","status":"publish","type":"page","link":"https:\/\/velvetseats.com\/en\/about-us\/partners\/","title":{"rendered":"Partners"},"content":{"rendered":"<h5><img loading=\"lazy\" class=\"alignnone size-thumbnail wp-image-48080\" src=\"https:\/\/www.spaovarium.com\/wp-content\/uploads\/2014\/06\/logo_citadins_bleu_dark.ai_-150x150.jpg\" alt=\"Logo_Citadins_Bleu_dark.ai\" width=\"150\" height=\"150\" srcset=\"https:\/\/velvetseats.com\/wp-content\/uploads\/2014\/06\/logo_citadins_bleu_dark.ai_-150x150.jpg 150w, https:\/\/velvetseats.com\/wp-content\/uploads\/2014\/06\/logo_citadins_bleu_dark.ai_-100x100.jpg 100w, https:\/\/velvetseats.com\/wp-content\/uploads\/2014\/06\/logo_citadins_bleu_dark.ai_-300x300.jpg 300w, https:\/\/velvetseats.com\/wp-content\/uploads\/2014\/06\/logo_citadins_bleu_dark.ai_.jpg 334w\" sizes=\"(max-width: 150px) 100vw, 150px\" \/><\/h5>\n<h4>Les\u00a0Citadins regroupent pr\u00e8s de 180 \u00e9tudiant.e.s-athl\u00e8tes qui repr\u00e9sentent l&#8217;UQAM sur les circuits provincial et national du sport universitaire, et ce, dans 9 disciplines: badminton mixte, basketball f\u00e9minin, basketball masculin, cheerleading mixte, cross-country et athl\u00e9tisme (course) mixte , soccer f\u00e9minin, soccer masculin et volleyball f\u00e9minin.<\/h4>\n<p>&nbsp;<\/p>\n<p><a href=\"https:\/\/www.spaovarium.com\/wp-content\/uploads\/2014\/06\/logo-afim.png\" rel=\"attachment wp-att-44559\"><img loading=\"lazy\" class=\"alignnone wp-image-44559 size-thumbnail\" src=\"https:\/\/www.spaovarium.com\/wp-content\/uploads\/2014\/06\/logo-afim-150x150.png\" alt=\"Logo AFIM\" width=\"150\" height=\"150\" srcset=\"https:\/\/velvetseats.com\/wp-content\/uploads\/2014\/06\/logo-afim-150x150.png 150w, https:\/\/velvetseats.com\/wp-content\/uploads\/2014\/06\/logo-afim-720x720.png 720w, https:\/\/velvetseats.com\/wp-content\/uploads\/2014\/06\/logo-afim-100x100.png 100w\" sizes=\"(max-width: 150px) 100vw, 150px\" \/><\/a><\/p>\n<h4>L&#8217;Association de fibromyalgie de Montr\u00e9al a pour but de soutenir ses membres dans leur recherche d&#8217;une meilleure qualit\u00e9 de vie, notamment en les renseignant sur les ressources disponibles. Elle participe \u00e0 briser l\u2019isolement que peuvent vivre ses membres. Elle informe, sensibilise et suscite la recherche sur la fibromyalgie.<\/h4>\n<h5><\/h5>\n<h5><\/h5>\n","protected":false},"excerpt":{"rendered":"<p>Les\u00a0Citadins regroupent pr\u00e8s de 180 \u00e9tudiant.e.s-athl\u00e8tes qui repr\u00e9sentent l&#8217;UQAM sur les circuits provincial et national du sport universitaire, et ce, dans 9 disciplines: badminton mixte, basketball f\u00e9minin, basketball masculin, cheerleading mixte, cross-country et athl\u00e9tisme (course) mixte , soccer f\u00e9minin, soccer masculin et volleyball f\u00e9minin. &nbsp; L&#8217;Association de fibromyalgie de Montr\u00e9al a pour but de soutenir [&hellip;]<\/p>\n","protected":false},"author":1,"featured_media":0,"parent":1077,"menu_order":0,"comment_status":"open","ping_status":"open","template":"template-fullwidth.php","meta":[],"acf":[],"yoast_head":"<!-- This site is optimized with the Yoast SEO plugin v19.10 - https:\/\/yoast.com\/wordpress\/plugins\/seo\/ -->\n<title>Partners | Spa Ovarium<\/title>\n<meta name=\"robots\" content=\"noindex, follow, max-snippet:-1, max-image-preview:large, max-video-preview:-1\" \/>\n<meta property=\"og:locale\" content=\"en_US\" \/>\n<meta property=\"og:type\" content=\"article\" \/>\n<meta property=\"og:title\" content=\"Partners | Spa Ovarium\" \/>\n<meta property=\"og:description\" content=\"Les\u00a0Citadins regroupent pr\u00e8s de 180 \u00e9tudiant.e.s-athl\u00e8tes qui repr\u00e9sentent l&#8217;UQAM sur les circuits provincial et national du sport universitaire, et ce, dans 9 disciplines: badminton mixte, basketball f\u00e9minin, basketball masculin, cheerleading mixte, cross-country et athl\u00e9tisme (course) mixte , soccer f\u00e9minin, soccer masculin et volleyball f\u00e9minin. &nbsp; L&#8217;Association de fibromyalgie de Montr\u00e9al a pour but de soutenir [&hellip;]\" \/>\n<meta property=\"og:url\" content=\"https:\/\/velvetseats.com\/en\/about-us\/partners\/\" \/>\n<meta property=\"og:site_name\" content=\"Spa Ovarium\" \/>\n<meta property=\"article:publisher\" content=\"https:\/\/www.facebook.com\/SpaOvarium\" \/>\n<meta property=\"article:modified_time\" content=\"2023-08-10T17:53:29+00:00\" \/>\n<meta property=\"og:image\" content=\"https:\/\/www.spaovarium.com\/wp-content\/uploads\/2014\/06\/logo_citadins_bleu_dark.ai_-150x150.jpg\" \/>\n<meta name=\"twitter:card\" content=\"summary_large_image\" \/>\n<meta name=\"twitter:site\" content=\"@Spa_Ovarium\" \/>\n<script type=\"application\/ld+json\" class=\"yoast-schema-graph\">{\"@context\":\"https:\/\/schema.org\",\"@graph\":[{\"@type\":\"WebPage\",\"@id\":\"https:\/\/velvetseats.com\/en\/about-us\/partners\/\",\"url\":\"https:\/\/velvetseats.com\/en\/about-us\/partners\/\",\"name\":\"Partners | Spa Ovarium\",\"isPartOf\":{\"@id\":\"https:\/\/velvetseats.com\/#website\"},\"datePublished\":\"2014-10-24T18:51:31+00:00\",\"dateModified\":\"2023-08-10T17:53:29+00:00\",\"breadcrumb\":{\"@id\":\"https:\/\/velvetseats.com\/en\/about-us\/partners\/#breadcrumb\"},\"inLanguage\":\"en-US\",\"potentialAction\":[{\"@type\":\"ReadAction\",\"target\":[\"https:\/\/velvetseats.com\/en\/about-us\/partners\/\"]}]},{\"@type\":\"BreadcrumbList\",\"@id\":\"https:\/\/velvetseats.com\/en\/about-us\/partners\/#breadcrumb\",\"itemListElement\":[{\"@type\":\"ListItem\",\"position\":1,\"name\":\"Accueil\",\"item\":\"https:\/\/velvetseats.com\/en\/\"},{\"@type\":\"ListItem\",\"position\":2,\"name\":\"About us\",\"item\":\"https:\/\/velvetseats.com\/en\/about-us\/\"},{\"@type\":\"ListItem\",\"position\":3,\"name\":\"Partners\"}]},{\"@type\":\"WebSite\",\"@id\":\"https:\/\/velvetseats.com\/#website\",\"url\":\"https:\/\/velvetseats.com\/\",\"name\":\"Spa Ovarium\",\"description\":\"Float tank and massage therapy in Montreal since 1982\",\"potentialAction\":[{\"@type\":\"SearchAction\",\"target\":{\"@type\":\"EntryPoint\",\"urlTemplate\":\"https:\/\/velvetseats.com\/?s={search_term_string}\"},\"query-input\":\"required name=search_term_string\"}],\"inLanguage\":\"en-US\"}]}<\/script>\n<!-- \/ Yoast SEO plugin. -->","yoast_head_json":{"title":"Partners | Spa Ovarium","robots":{"index":"noindex","follow":"follow","max-snippet":"max-snippet:-1","max-image-preview":"max-image-preview:large","max-video-preview":"max-video-preview:-1"},"og_locale":"en_US","og_type":"article","og_title":"Partners | Spa Ovarium","og_description":"Les\u00a0Citadins regroupent pr\u00e8s de 180 \u00e9tudiant.e.s-athl\u00e8tes qui repr\u00e9sentent l&#8217;UQAM sur les circuits provincial et national du sport universitaire, et ce, dans 9 disciplines: badminton mixte, basketball f\u00e9minin, basketball masculin, cheerleading mixte, cross-country et athl\u00e9tisme (course) mixte , soccer f\u00e9minin, soccer masculin et volleyball f\u00e9minin. &nbsp; L&#8217;Association de fibromyalgie de Montr\u00e9al a pour but de soutenir [&hellip;]","og_url":"https:\/\/velvetseats.com\/en\/about-us\/partners\/","og_site_name":"Spa Ovarium","article_publisher":"https:\/\/www.facebook.com\/SpaOvarium","article_modified_time":"2023-08-10T17:53:29+00:00","og_image":[{"url":"https:\/\/www.spaovarium.com\/wp-content\/uploads\/2014\/06\/logo_citadins_bleu_dark.ai_-150x150.jpg"}],"twitter_card":"summary_large_image","twitter_site":"@Spa_Ovarium","schema":{"@context":"https:\/\/schema.org","@graph":[{"@type":"WebPage","@id":"https:\/\/velvetseats.com\/en\/about-us\/partners\/","url":"https:\/\/velvetseats.com\/en\/about-us\/partners\/","name":"Partners | Spa Ovarium","isPartOf":{"@id":"https:\/\/velvetseats.com\/#website"},"datePublished":"2014-10-24T18:51:31+00:00","dateModified":"2023-08-10T17:53:29+00:00","breadcrumb":{"@id":"https:\/\/velvetseats.com\/en\/about-us\/partners\/#breadcrumb"},"inLanguage":"en-US","potentialAction":[{"@type":"ReadAction","target":["https:\/\/velvetseats.com\/en\/about-us\/partners\/"]}]},{"@type":"BreadcrumbList","@id":"https:\/\/velvetseats.com\/en\/about-us\/partners\/#breadcrumb","itemListElement":[{"@type":"ListItem","position":1,"name":"Accueil","item":"https:\/\/velvetseats.com\/en\/"},{"@type":"ListItem","position":2,"name":"About us","item":"https:\/\/velvetseats.com\/en\/about-us\/"},{"@type":"ListItem","position":3,"name":"Partners"}]},{"@type":"WebSite","@id":"https:\/\/velvetseats.com\/#website","url":"https:\/\/velvetseats.com\/","name":"Spa Ovarium","description":"Float tank and massage therapy in Montreal since 1982","potentialAction":[{"@type":"SearchAction","target":{"@type":"EntryPoint","urlTemplate":"https:\/\/velvetseats.com\/?s={search_term_string}"},"query-input":"required name=search_term_string"}],"inLanguage":"en-US"}]}},"_links":{"self":[{"href":"https:\/\/velvetseats.com\/en\/wp-json\/wp\/v2\/pages\/3778"}],"collection":[{"href":"https:\/\/velvetseats.com\/en\/wp-json\/wp\/v2\/pages"}],"about":[{"href":"https:\/\/velvetseats.com\/en\/wp-json\/wp\/v2\/types\/page"}],"author":[{"embeddable":true,"href":"https:\/\/velvetseats.com\/en\/wp-json\/wp\/v2\/users\/1"}],"replies":[{"embeddable":true,"href":"https:\/\/velvetseats.com\/en\/wp-json\/wp\/v2\/comments?post=3778"}],"version-history":[{"count":1,"href":"https:\/\/velvetseats.com\/en\/wp-json\/wp\/v2\/pages\/3778\/revisions"}],"predecessor-version":[{"id":4086,"href":"https:\/\/velvetseats.com\/en\/wp-json\/wp\/v2\/pages\/3778\/revisions\/4086"}],"up":[{"embeddable":true,"href":"https:\/\/velvetseats.com\/en\/wp-json\/wp\/v2\/pages\/1077"}],"wp:attachment":[{"href":"https:\/\/velvetseats.com\/en\/wp-json\/wp\/v2\/media?parent=3778"}],"curies":[{"name":"wp","href":"https:\/\/api.w.org\/{rel}","templated":true}]}}